{"id":843,"date":"2018-09-08T20:06:28","date_gmt":"2018-09-08T18:06:28","guid":{"rendered":"https:\/\/www.lsv-geilenkirchen.de\/?page_id=843"},"modified":"2025-11-18T18:33:21","modified_gmt":"2025-11-18T17:33:21","slug":"schnupperfliegen","status":"publish","type":"page","link":"https:\/\/www.lsv-geilenkirchen.de\/?page_id=843","title":{"rendered":"Fliegen lernen"},"content":{"rendered":"\t\t<div data-elementor-type=\"wp-post\" data-elementor-id=\"843\" class=\"elementor elementor-843\">\n\t\t\t\t\t\t<section class=\"elementor-section elementor-top-section elementor-element elementor-element-55f190c elementor-section-boxed elementor-section-height-default elementor-section-height-default\" data-id=\"55f190c\" data-element_type=\"section\" data-e-type=\"section\">\n\t\t\t\t\t\t<div class=\"elementor-container elementor-column-gap-default\">\n\t\t\t\t\t<div class=\"elementor-column elementor-col-100 elementor-top-column elementor-element elementor-element-4b35beb\" data-id=\"4b35beb\" data-element_type=\"column\" data-e-type=\"column\">\n\t\t\t<div class=\"elementor-widget-wrap elementor-element-populated\">\n\t\t\t\t\t\t<div class=\"elementor-element elementor-element-a7fce58 elementor-widget__width-initial elementor-widget elementor-widget-text-editor\" data-id=\"a7fce58\" data-element_type=\"widget\" data-e-type=\"widget\" data-widget_type=\"text-editor.default\">\n\t\t\t\t<div class=\"elementor-widget-container\">\n\t\t\t\t\t\t\t\t\t<div><p><span style=\"font-size: 14px; color: #000000;\">Du hast schon immer vom Fliegen getr\u00e4umt? Wir k\u00f6nnen deinen lang gehegten Traum Wirklichkeit werden lassen. Wenn du Interesse hast, k\u00f6nnen wir Dir in einem pers\u00f6nlichem Gespr\u00e4ch einen n\u00e4heren Einblick in die Fliegerei und unser Verein zeigen.\u00a0<\/span><\/p><p><span style=\"font-size: 14px; color: #000000;\">In unserem Verein haben sich Motor-, Motorsegel- &amp; Segelflieger zusammengefunden, um dem gemeinsamen Hobby nachzugehen.<\/span><\/p><p><span style=\"font-size: 14px; color: #000000;\">Mit unseren ehrenamtlich t\u00e4tigen Fluglehrer, k\u00f6nnen wir es dir durch einen kostendeckenden Beitrag im Verein erm\u00f6glichen, die jeweilige Lizenz zu erwerben. <\/span><\/p><p><span style=\"font-size: 14px; color: #000000;\">Um einen unverbindlichen und unkomplizierten ersten Eindruck in unsere Welt zu gewinnen, kontaktiere uns gerne \u00fcber unser Kontaktformular. Wir werden uns dann schnellstm\u00f6glich bei dir melden.\u00a0<\/span><\/p><\/div>\t\t\t\t\t\t\t\t<\/div>\n\t\t\t\t<\/div>\n\t\t\t\t\t<\/div>\n\t\t<\/div>\n\t\t\t\t\t<\/div>\n\t\t<\/section>\n\t\t\t\t<section class=\"elementor-section elementor-top-section elementor-element elementor-element-0f3b4fc elementor-section-boxed elementor-section-height-default elementor-section-height-default\" data-id=\"0f3b4fc\" data-element_type=\"section\" data-e-type=\"section\">\n\t\t\t\t\t\t<div class=\"elementor-container elementor-column-gap-default\">\n\t\t\t\t\t<div class=\"elementor-column elementor-col-50 elementor-top-column elementor-element elementor-element-9d25417\" data-id=\"9d25417\" data-element_type=\"column\" data-e-type=\"column\">\n\t\t\t<div class=\"elementor-widget-wrap elementor-element-populated\">\n\t\t\t\t\t\t<div class=\"elementor-element elementor-element-1e37c63 elementor-widget elementor-widget-text-editor\" data-id=\"1e37c63\" data-element_type=\"widget\" data-e-type=\"widget\" data-widget_type=\"text-editor.default\">\n\t\t\t\t<div class=\"elementor-widget-container\">\n\t\t\t\t\t\t\t\t\t<div><p><a href=\"https:\/\/www.lsv-geilenkirchen.de\/wp-content\/uploads\/2025\/07\/2014-08-23-14.52.00-scaled.jpg\"><img fetchpriority=\"high\" decoding=\"async\" class=\"alignleft wp-image-2645\" src=\"https:\/\/www.lsv-geilenkirchen.de\/wp-content\/uploads\/2025\/07\/2014-08-23-14.52.00-300x225.jpg\" alt=\"\" width=\"350\" height=\"263\" srcset=\"https:\/\/www.lsv-geilenkirchen.de\/wp-content\/uploads\/2025\/07\/2014-08-23-14.52.00-300x225.jpg 300w, https:\/\/www.lsv-geilenkirchen.de\/wp-content\/uploads\/2025\/07\/2014-08-23-14.52.00-1024x768.jpg 1024w, https:\/\/www.lsv-geilenkirchen.de\/wp-content\/uploads\/2025\/07\/2014-08-23-14.52.00-768x576.jpg 768w, https:\/\/www.lsv-geilenkirchen.de\/wp-content\/uploads\/2025\/07\/2014-08-23-14.52.00-1536x1152.jpg 1536w, https:\/\/www.lsv-geilenkirchen.de\/wp-content\/uploads\/2025\/07\/2014-08-23-14.52.00-2048x1536.jpg 2048w, https:\/\/www.lsv-geilenkirchen.de\/wp-content\/uploads\/2025\/07\/2014-08-23-14.52.00-150x113.jpg 150w, https:\/\/www.lsv-geilenkirchen.de\/wp-content\/uploads\/2025\/07\/2014-08-23-14.52.00-200x150.jpg 200w\" sizes=\"(max-width: 350px) 100vw, 350px\" \/><\/a><\/p><a href=\"https:\/\/www.lsv-geilenkirchen.de\/wp-content\/uploads\/2025\/07\/towing-plane.jpg\"><img decoding=\"async\" class=\"wp-image-2473 alignleft\" src=\"https:\/\/www.lsv-geilenkirchen.de\/wp-content\/uploads\/2025\/07\/towing-plane-300x181.jpg\" alt=\"\" width=\"350\" height=\"211\" srcset=\"https:\/\/www.lsv-geilenkirchen.de\/wp-content\/uploads\/2025\/07\/towing-plane-300x181.jpg 300w, https:\/\/www.lsv-geilenkirchen.de\/wp-content\/uploads\/2025\/07\/towing-plane-1024x618.jpg 1024w, https:\/\/www.lsv-geilenkirchen.de\/wp-content\/uploads\/2025\/07\/towing-plane-768x464.jpg 768w, https:\/\/www.lsv-geilenkirchen.de\/wp-content\/uploads\/2025\/07\/towing-plane-1536x927.jpg 1536w, https:\/\/www.lsv-geilenkirchen.de\/wp-content\/uploads\/2025\/07\/towing-plane-150x91.jpg 150w, https:\/\/www.lsv-geilenkirchen.de\/wp-content\/uploads\/2025\/07\/towing-plane-250x150.jpg 250w, https:\/\/www.lsv-geilenkirchen.de\/wp-content\/uploads\/2025\/07\/towing-plane.jpg 2048w\" sizes=\"(max-width: 350px) 100vw, 350px\" \/><\/a>\u00a0<\/div><div><a href=\"https:\/\/www.lsv-geilenkirchen.de\/wp-content\/uploads\/2025\/07\/Rursee-scaled.jpg\"><img decoding=\"async\" class=\"alignnone wp-image-2637 size-medium\" src=\"https:\/\/www.lsv-geilenkirchen.de\/wp-content\/uploads\/2025\/07\/Rursee-225x300.jpg\" alt=\"\" width=\"225\" height=\"300\" srcset=\"https:\/\/www.lsv-geilenkirchen.de\/wp-content\/uploads\/2025\/07\/Rursee-225x300.jpg 225w, https:\/\/www.lsv-geilenkirchen.de\/wp-content\/uploads\/2025\/07\/Rursee-768x1024.jpg 768w, https:\/\/www.lsv-geilenkirchen.de\/wp-content\/uploads\/2025\/07\/Rursee-1152x1536.jpg 1152w, https:\/\/www.lsv-geilenkirchen.de\/wp-content\/uploads\/2025\/07\/Rursee-1536x2048.jpg 1536w, https:\/\/www.lsv-geilenkirchen.de\/wp-content\/uploads\/2025\/07\/Rursee-113x150.jpg 113w, https:\/\/www.lsv-geilenkirchen.de\/wp-content\/uploads\/2025\/07\/Rursee-scaled.jpg 1920w\" sizes=\"(max-width: 225px) 100vw, 225px\" \/><\/a><\/div>\t\t\t\t\t\t\t\t<\/div>\n\t\t\t\t<\/div>\n\t\t\t\t\t<\/div>\n\t\t<\/div>\n\t\t\t\t<div class=\"elementor-column elementor-col-50 elementor-top-column elementor-element elementor-element-9ef40b3\" data-id=\"9ef40b3\" data-element_type=\"column\" data-e-type=\"column\">\n\t\t\t<div class=\"elementor-widget-wrap elementor-element-populated\">\n\t\t\t\t\t\t<div class=\"elementor-element elementor-element-8539b05 elementor-widget elementor-widget-heading\" data-id=\"8539b05\" data-element_type=\"widget\" data-e-type=\"widget\" data-widget_type=\"heading.default\">\n\t\t\t\t<div class=\"elementor-widget-container\">\n\t\t\t\t\t<h2 class=\"elementor-heading-title elementor-size-default\">Kontaktformular<\/h2>\t\t\t\t<\/div>\n\t\t\t\t<\/div>\n\t\t\t\t<div class=\"elementor-element elementor-element-c7d4404 elementor-widget elementor-widget-shortcode\" data-id=\"c7d4404\" data-element_type=\"widget\" data-e-type=\"widget\" data-widget_type=\"shortcode.default\">\n\t\t\t\t<div class=\"elementor-widget-container\">\n\t\t\t\t\t\t\t<div class=\"elementor-shortcode\"><div role=\"form\" class=\"wpcf7\" id=\"wpcf7-f841-o1\" lang=\"de-DE\" dir=\"ltr\">\n<div class=\"screen-reader-response\"><p role=\"status\" aria-live=\"polite\" aria-atomic=\"true\"><\/p> <ul><\/ul><\/div>\n<form action=\"\/index.php?rest_route=%2Fwp%2Fv2%2Fpages%2F843#wpcf7-f841-o1\" method=\"post\" class=\"wpcf7-form init\" novalidate=\"novalidate\" data-status=\"init\">\n<div style=\"display: none;\">\n<input type=\"hidden\" name=\"_wpcf7\" value=\"841\" \/>\n<input type=\"hidden\" name=\"_wpcf7_version\" value=\"5.5.6\" \/>\n<input type=\"hidden\" name=\"_wpcf7_locale\" value=\"de_DE\" \/>\n<input type=\"hidden\" name=\"_wpcf7_unit_tag\" value=\"wpcf7-f841-o1\" \/>\n<input type=\"hidden\" name=\"_wpcf7_container_post\" value=\"0\" \/>\n<input type=\"hidden\" name=\"_wpcf7_posted_data_hash\" value=\"\" \/>\n<input type=\"hidden\" name=\"_wpcf7_recaptcha_response\" value=\"\" \/>\n<\/div>\n<p><label> Dein Name (Pflichtfeld)<br \/>\n    <span class=\"wpcf7-form-control-wrap your-name\"><input type=\"text\" name=\"your-name\" value=\"\" size=\"40\" class=\"wpcf7-form-control wpcf7-text wpcf7-validates-as-required\" aria-required=\"true\" aria-invalid=\"false\" \/><\/span> <\/label><\/p>\n<p><label> Deine E-Mail-Adresse (Pflichtfeld)<br \/>\n    <span class=\"wpcf7-form-control-wrap your-email\"><input type=\"email\" name=\"your-email\" value=\"\" size=\"40\" class=\"wpcf7-form-control wpcf7-text wpcf7-email wpcf7-validates-as-required wpcf7-validates-as-email\" aria-required=\"true\" aria-invalid=\"false\" \/><\/span> <\/label><\/p>\n<p><label> Dein Alter (Pflichtfeld)<br \/>\n    <span class=\"wpcf7-form-control-wrap alter\"><input type=\"number\" name=\"alter\" value=\"\" class=\"wpcf7-form-control wpcf7-number wpcf7-validates-as-required wpcf7-validates-as-number\" min=\"14\" max=\"90\" aria-required=\"true\" aria-invalid=\"false\" placeholder=\"16\" \/><\/span><br \/>\n<\/label><\/p>\n<p><label> Deine Adresse (Pflichtfeld)<br \/>\n     <span class=\"wpcf7-form-control-wrap textarea-507\"><textarea name=\"textarea-507\" cols=\"40\" rows=\"2\" class=\"wpcf7-form-control wpcf7-textarea wpcf7-validates-as-required\" aria-required=\"true\" aria-invalid=\"false\"><\/textarea><\/span><br \/>\n<\/label><\/p>\n<p><label> Telefonnummer<br \/>\n          <span class=\"wpcf7-form-control-wrap tel-863\"><input type=\"tel\" name=\"tel-863\" value=\"\" size=\"40\" class=\"wpcf7-form-control wpcf7-text wpcf7-tel wpcf7-validates-as-tel\" aria-invalid=\"false\" \/><\/span><br \/>\n<\/label><\/p>\n<p><label> Betreff<br \/>\n    <span class=\"wpcf7-form-control-wrap your-subject\"><input type=\"text\" name=\"your-subject\" value=\"\" size=\"40\" class=\"wpcf7-form-control wpcf7-text\" aria-invalid=\"false\" \/><\/span> <\/label><\/p>\n<p><label> Deine Nachricht<br \/>\n    <span class=\"wpcf7-form-control-wrap your-message\"><textarea name=\"your-message\" cols=\"40\" rows=\"4\" class=\"wpcf7-form-control wpcf7-textarea\" aria-invalid=\"false\"><\/textarea><\/span> <\/label><\/p>\n<p><label> Zustimmung das wir deine Daten f\u00fcr die Kontaktaufnahme speichern<br \/>\n<span class=\"wpcf7-form-control-wrap acceptance-685\"><span class=\"wpcf7-form-control wpcf7-acceptance\"><span class=\"wpcf7-list-item\"><input type=\"checkbox\" name=\"acceptance-685\" value=\"1\" aria-invalid=\"false\" \/><\/span><\/span><\/span><br \/>\n<\/label><\/p>\n\n<p><input type=\"submit\" value=\"Senden\" class=\"wpcf7-form-control has-spinner wpcf7-submit\" \/><\/p>\n<div class=\"wpcf7-response-output\" aria-hidden=\"true\"><\/div><\/form><\/div><\/div>\n\t\t\t\t\t\t<\/div>\n\t\t\t\t<\/div>\n\t\t\t\t\t<\/div>\n\t\t<\/div>\n\t\t\t\t\t<\/div>\n\t\t<\/section>\n\t\t\t\t<\/div>\n\t\t","protected":false},"excerpt":{"rendered":"<p>Du hast schon immer vom Fliegen getr\u00e4umt? Wir k\u00f6nnen deinen lang gehegten Traum Wirklichkeit werden lassen. Wenn du Interesse hast, k\u00f6nnen wir Dir in einem pers\u00f6nlichem Gespr\u00e4ch einen n\u00e4heren Einblick in die Fliegerei und unser Verein zeigen.\u00a0 In unserem Verein haben sich Motor-, Motorsegel- &amp; Segelflieger zusammengefunden, um dem gemeinsamen \u2026 <a class=\"continue-reading-link\" href=\"https:\/\/www.lsv-geilenkirchen.de\/?page_id=843\"> Continue reading <span class=\"meta-nav\">&rarr; <\/span><\/a><\/p>\n","protected":false},"author":8,"featured_media":0,"parent":0,"menu_order":0,"comment_status":"closed","ping_status":"closed","template":"","meta":{"ngg_post_thumbnail":0,"footnotes":""},"class_list":["post-843","page","type-page","status-publish","hentry"],"_links":{"self":[{"href":"https:\/\/www.lsv-geilenkirchen.de\/index.php?rest_route=\/wp\/v2\/pages\/843","targetHints":{"allow":["GET"]}}],"collection":[{"href":"https:\/\/www.lsv-geilenkirchen.de\/index.php?rest_route=\/wp\/v2\/pages"}],"about":[{"href":"https:\/\/www.lsv-geilenkirchen.de\/index.php?rest_route=\/wp\/v2\/types\/page"}],"author":[{"embeddable":true,"href":"https:\/\/www.lsv-geilenkirchen.de\/index.php?rest_route=\/wp\/v2\/users\/8"}],"replies":[{"embeddable":true,"href":"https:\/\/www.lsv-geilenkirchen.de\/index.php?rest_route=%2Fwp%2Fv2%2Fcomments&post=843"}],"version-history":[{"count":78,"href":"https:\/\/www.lsv-geilenkirchen.de\/index.php?rest_route=\/wp\/v2\/pages\/843\/revisions"}],"predecessor-version":[{"id":2758,"href":"https:\/\/www.lsv-geilenkirchen.de\/index.php?rest_route=\/wp\/v2\/pages\/843\/revisions\/2758"}],"wp:attachment":[{"href":"https:\/\/www.lsv-geilenkirchen.de\/index.php?rest_route=%2Fwp%2Fv2%2Fmedia&parent=843"}],"curies":[{"name":"wp","href":"https:\/\/api.w.org\/{rel}","templated":true}]}}