{"id":67,"date":"2016-03-11T20:18:19","date_gmt":"2016-03-11T19:18:19","guid":{"rendered":"http:\/\/wp.lsv-geilenkirchen.de\/?page_id=67"},"modified":"2021-07-13T09:21:17","modified_gmt":"2021-07-13T07:21:17","slug":"motorsegler","status":"publish","type":"page","link":"https:\/\/www.lsv-geilenkirchen.de\/?page_id=67","title":{"rendered":"Motorsegler"},"content":{"rendered":"<p><img fetchpriority=\"high\" decoding=\"async\" class=\"aligncenter wp-image-1859 size-large\" src=\"https:\/\/www.lsv-geilenkirchen.de\/wp-content\/uploads\/2021\/07\/DSC_0302-scaled-e1626160501415-1024x617.jpg\" alt=\"Falke Formationsflug mit ASK21\" width=\"900\" height=\"542\" srcset=\"https:\/\/www.lsv-geilenkirchen.de\/wp-content\/uploads\/2021\/07\/DSC_0302-scaled-e1626160501415-1024x617.jpg 1024w, https:\/\/www.lsv-geilenkirchen.de\/wp-content\/uploads\/2021\/07\/DSC_0302-scaled-e1626160501415-300x181.jpg 300w, https:\/\/www.lsv-geilenkirchen.de\/wp-content\/uploads\/2021\/07\/DSC_0302-scaled-e1626160501415-768x463.jpg 768w, https:\/\/www.lsv-geilenkirchen.de\/wp-content\/uploads\/2021\/07\/DSC_0302-scaled-e1626160501415-1536x926.jpg 1536w, https:\/\/www.lsv-geilenkirchen.de\/wp-content\/uploads\/2021\/07\/DSC_0302-scaled-e1626160501415-150x90.jpg 150w, https:\/\/www.lsv-geilenkirchen.de\/wp-content\/uploads\/2021\/07\/DSC_0302-scaled-e1626160501415-250x150.jpg 250w, https:\/\/www.lsv-geilenkirchen.de\/wp-content\/uploads\/2021\/07\/DSC_0302-scaled-e1626160501415.jpg 1984w\" sizes=\"(max-width: 900px) 100vw, 900px\" \/><\/p>\n<h5 style=\"text-align: center;\">Scheibe Falke 25C (D-KAGG)<\/h5>\n<table style=\"height: 320px; width: 100%; border-collapse: collapse; border-style: solid; border-color: #434fba;\" cellspacing=\"10\" cellpadding=\"10\">\n<tbody>\n<tr style=\"height: 23px;\">\n<td style=\"width: 34.5091%; height: 23px;\">Besatzung<\/td>\n<td style=\"width: 174.096%; height: 23px;\">1<\/td>\n<\/tr>\n<tr style=\"height: 23px;\">\n<td style=\"width: 34.5091%; height: 23px;\">Passagiere<\/td>\n<td style=\"width: 174.096%; height: 23px;\">1<\/td>\n<\/tr>\n<tr style=\"height: 23px;\">\n<td style=\"width: 34.5091%; height: 23px;\">L\u00e4nge<\/td>\n<td style=\"width: 174.096%; height: 23px;\">7,6 m<\/td>\n<\/tr>\n<tr style=\"height: 23px;\">\n<td style=\"width: 34.5091%; height: 23px;\">Spannweite<\/td>\n<td style=\"width: 174.096%; height: 23px;\">15,3 m<\/td>\n<\/tr>\n<tr style=\"height: 23px;\">\n<td style=\"width: 34.5091%; height: 23px;\">Fl\u00fcgelfl\u00e4che<\/td>\n<td style=\"width: 174.096%; height: 23px;\">18,2 m\u00b2<\/td>\n<\/tr>\n<tr style=\"height: 23px;\">\n<td style=\"width: 34.5091%; height: 23px;\">Fl\u00fcgelstreckung<\/td>\n<td style=\"width: 174.096%; height: 23px;\">13,8<\/td>\n<\/tr>\n<tr style=\"height: 23px;\">\n<td style=\"width: 34.5091%; height: 23px;\">Fl\u00fcgelprofil<\/td>\n<td style=\"width: 174.096%; height: 23px;\">M\u00fc<\/td>\n<\/tr>\n<tr style=\"height: 23px;\">\n<td style=\"width: 34.5091%; height: 23px;\">Gleitzahl<\/td>\n<td style=\"width: 174.096%; height: 23px;\">23\u201324<\/td>\n<\/tr>\n<tr style=\"height: 23px;\">\n<td style=\"width: 34.5091%; height: 23px;\">Geringstes Sinken<\/td>\n<td style=\"width: 174.096%; height: 23px;\">1,1 m\/s<\/td>\n<\/tr>\n<tr style=\"height: 32px;\">\n<td style=\"width: 34.5091%; height: 32px;\">Leermasse<\/td>\n<td style=\"width: 174.096%; height: 32px;\">ca. 438 kg (ab 2009: 455-475 Kg)<\/td>\n<\/tr>\n<tr style=\"height: 23px;\">\n<td style=\"width: 34.5091%; height: 12px;\">Startmasse<\/td>\n<td style=\"width: 174.096%; height: 12px;\">ca. 650 kg (ab 2009: 690 kg bei<br \/>\nMotorisierung Rotax 914F)<\/td>\n<\/tr>\n<tr style=\"height: 23px;\">\n<td style=\"width: 34.5091%; height: 23px;\">Fl\u00e4chenbelastung<\/td>\n<td style=\"width: 174.096%; height: 23px;\">33,5&nbsp;kg\/m\u00b2<\/td>\n<\/tr>\n<tr style=\"height: 23px;\">\n<td style=\"width: 34.5091%; height: 23px;\">Mindestgeschwindigkeit<\/td>\n<td style=\"width: 174.096%; height: 23px;\">60 km\/h<\/td>\n<\/tr>\n<\/tbody>\n<\/table>\n<pre><em>(Alle Angaben ohne Gew\u00e4hr)<\/em><\/pre>\n","protected":false},"excerpt":{"rendered":"<p>Scheibe Falke 25C (D-KAGG) Besatzung 1 Passagiere 1 L\u00e4nge 7,6 m Spannweite 15,3 m Fl\u00fcgelfl\u00e4che 18,2 m\u00b2 Fl\u00fcgelstreckung 13,8 Fl\u00fcgelprofil M\u00fc Gleitzahl 23\u201324 Geringstes Sinken 1,1 m\/s Leermasse ca. 438 kg (ab 2009: 455-475 Kg) Startmasse ca. 650 kg (ab 2009: 690 kg bei Motorisierung Rotax 914F) Fl\u00e4chenbelastung 33,5&nbsp;kg\/m\u00b2 Mindestgeschwindigkeit \u2026 <a class=\"continue-reading-link\" href=\"https:\/\/www.lsv-geilenkirchen.de\/?page_id=67\"> Continue reading <span class=\"meta-nav\">&rarr; <\/span><\/a><\/p>\n","protected":false},"author":2,"featured_media":185,"parent":61,"menu_order":0,"comment_status":"closed","ping_status":"open","template":"","meta":{"ngg_post_thumbnail":0,"footnotes":""},"class_list":["post-67","page","type-page","status-publish","has-post-thumbnail","hentry"],"_links":{"self":[{"href":"https:\/\/www.lsv-geilenkirchen.de\/index.php?rest_route=\/wp\/v2\/pages\/67","targetHints":{"allow":["GET"]}}],"collection":[{"href":"https:\/\/www.lsv-geilenkirchen.de\/index.php?rest_route=\/wp\/v2\/pages"}],"about":[{"href":"https:\/\/www.lsv-geilenkirchen.de\/index.php?rest_route=\/wp\/v2\/types\/page"}],"author":[{"embeddable":true,"href":"https:\/\/www.lsv-geilenkirchen.de\/index.php?rest_route=\/wp\/v2\/users\/2"}],"replies":[{"embeddable":true,"href":"https:\/\/www.lsv-geilenkirchen.de\/index.php?rest_route=%2Fwp%2Fv2%2Fcomments&post=67"}],"version-history":[{"count":28,"href":"https:\/\/www.lsv-geilenkirchen.de\/index.php?rest_route=\/wp\/v2\/pages\/67\/revisions"}],"predecessor-version":[{"id":1860,"href":"https:\/\/www.lsv-geilenkirchen.de\/index.php?rest_route=\/wp\/v2\/pages\/67\/revisions\/1860"}],"up":[{"embeddable":true,"href":"https:\/\/www.lsv-geilenkirchen.de\/index.php?rest_route=\/wp\/v2\/pages\/61"}],"wp:featuredmedia":[{"embeddable":true,"href":"https:\/\/www.lsv-geilenkirchen.de\/index.php?rest_route=\/wp\/v2\/media\/185"}],"wp:attachment":[{"href":"https:\/\/www.lsv-geilenkirchen.de\/index.php?rest_route=%2Fwp%2Fv2%2Fmedia&parent=67"}],"curies":[{"name":"wp","href":"https:\/\/api.w.org\/{rel}","templated":true}]}}