{"id":61,"date":"2015-08-10T18:23:22","date_gmt":"2015-08-10T16:23:22","guid":{"rendered":"http:\/\/wp.lsv-geilenkirchen.de\/?page_id=61"},"modified":"2025-11-18T18:57:13","modified_gmt":"2025-11-18T17:57:13","slug":"flugzeugpark","status":"publish","type":"page","link":"https:\/\/www.lsv-geilenkirchen.de\/?page_id=61","title":{"rendered":"Flugzeugpark"},"content":{"rendered":"\t\t<div data-elementor-type=\"wp-page\" data-elementor-id=\"61\" class=\"elementor elementor-61\">\n\t\t\t\t\t\t<section class=\"elementor-section elementor-top-section elementor-element elementor-element-5da80b2e elementor-section-boxed elementor-section-height-default elementor-section-height-default\" data-id=\"5da80b2e\" data-element_type=\"section\" data-e-type=\"section\">\n\t\t\t\t\t\t<div class=\"elementor-container elementor-column-gap-default\">\n\t\t\t\t\t<div class=\"elementor-column elementor-col-100 elementor-top-column elementor-element elementor-element-4dd54469\" data-id=\"4dd54469\" data-element_type=\"column\" data-e-type=\"column\">\n\t\t\t<div class=\"elementor-widget-wrap elementor-element-populated\">\n\t\t\t\t\t\t<div class=\"elementor-element elementor-element-69106343 elementor-widget elementor-widget-text-editor\" data-id=\"69106343\" data-element_type=\"widget\" data-e-type=\"widget\" data-widget_type=\"text-editor.default\">\n\t\t\t\t<div class=\"elementor-widget-container\">\n\t\t\t\t\t\t\t\t\t<p><\/p>\n<div class=\"art-postcontent\">\n<div class=\"art-article\">\n<p><span style=\"font-size: inherit;\">.<\/span><\/p>\n<\/div>\n<\/div>\n<p><\/p>\t\t\t\t\t\t\t\t<\/div>\n\t\t\t\t<\/div>\n\t\t\t\t\t<\/div>\n\t\t<\/div>\n\t\t\t\t\t<\/div>\n\t\t<\/section>\n\t\t\t\t<section class=\"elementor-section elementor-top-section elementor-element elementor-element-46fb591 elementor-section-boxed elementor-section-height-default elementor-section-height-default\" data-id=\"46fb591\" data-element_type=\"section\" data-e-type=\"section\">\n\t\t\t\t\t\t<div class=\"elementor-container elementor-column-gap-default\">\n\t\t\t\t\t<div class=\"elementor-column elementor-col-50 elementor-top-column elementor-element elementor-element-487f193\" data-id=\"487f193\" data-element_type=\"column\" data-e-type=\"column\">\n\t\t\t<div class=\"elementor-widget-wrap elementor-element-populated\">\n\t\t\t\t\t\t<div class=\"elementor-element elementor-element-b22ad0f elementor-widget elementor-widget-text-editor\" data-id=\"b22ad0f\" data-element_type=\"widget\" data-e-type=\"widget\" data-widget_type=\"text-editor.default\">\n\t\t\t\t<div class=\"elementor-widget-container\">\n\t\t\t\t\t\t\t\t\t<p><span style=\"font-size: 16px; color: #000000;\">F\u00fcr unsere Segelflieger stehen vier Segelflugzeuge zur Verf\u00fcgung, davon ein Doppelsitzer. Die doppelsitzige ASK21 wird haupts\u00e4chlich f\u00fcr den Schulbetrieb eingesetzt.<\/span><\/p>\n<p><span style=\"font-size: 16px; color: #000000;\">Sowohl Segel- als auch Motorflieger k\u00f6nnen auf den Motorsegler Scheibe Falke 25 C zur\u00fcckgreifen.<\/span><\/p>\n<p><span style=\"font-size: 16px; color: #000000;\">Der Flugzeugpark wird von vier Motorflugzeugen abgerundet.<\/span><\/p>\n<p><span style=\"font-size: 16px; color: #000000;\">Dazu kommen noch mehrere Flugzeuge, die sich im Privatbesitz befinden.<\/span><\/p>\n<p>\u00a0<\/p>\n<p>\u00a0<\/p>\t\t\t\t\t\t\t\t<\/div>\n\t\t\t\t<\/div>\n\t\t\t\t\t<\/div>\n\t\t<\/div>\n\t\t\t\t<div class=\"elementor-column elementor-col-50 elementor-top-column elementor-element elementor-element-4a33517\" data-id=\"4a33517\" data-element_type=\"column\" data-e-type=\"column\">\n\t\t\t<div class=\"elementor-widget-wrap elementor-element-populated\">\n\t\t\t\t\t\t<div class=\"elementor-element elementor-element-f32e04c elementor-absolute elementor-widget elementor-widget-image\" data-id=\"f32e04c\" data-element_type=\"widget\" data-e-type=\"widget\" data-settings=\"{&quot;_position&quot;:&quot;absolute&quot;}\" data-widget_type=\"image.default\">\n\t\t\t\t<div class=\"elementor-widget-container\">\n\t\t\t\t\t\t\t\t\t\t\t\t\t\t\t<img fetchpriority=\"high\" decoding=\"async\" width=\"822\" height=\"250\" src=\"https:\/\/www.lsv-geilenkirchen.de\/wp-content\/uploads\/2022\/01\/Header2.png\" class=\"attachment-large size-large wp-image-1880\" alt=\"\" srcset=\"https:\/\/www.lsv-geilenkirchen.de\/wp-content\/uploads\/2022\/01\/Header2.png 822w, https:\/\/www.lsv-geilenkirchen.de\/wp-content\/uploads\/2022\/01\/Header2-300x91.png 300w, https:\/\/www.lsv-geilenkirchen.de\/wp-content\/uploads\/2022\/01\/Header2-768x234.png 768w, https:\/\/www.lsv-geilenkirchen.de\/wp-content\/uploads\/2022\/01\/Header2-150x46.png 150w, https:\/\/www.lsv-geilenkirchen.de\/wp-content\/uploads\/2022\/01\/Header2-250x76.png 250w\" sizes=\"(max-width: 822px) 100vw, 822px\" \/>\t\t\t\t\t\t\t\t\t\t\t\t\t\t\t<\/div>\n\t\t\t\t<\/div>\n\t\t\t\t\t<\/div>\n\t\t<\/div>\n\t\t\t\t\t<\/div>\n\t\t<\/section>\n\t\t\t\t<section class=\"elementor-section elementor-top-section elementor-element elementor-element-0e8ca18 elementor-section-boxed elementor-section-height-default elementor-section-height-default\" data-id=\"0e8ca18\" data-element_type=\"section\" data-e-type=\"section\">\n\t\t\t\t\t\t<div class=\"elementor-container elementor-column-gap-no\">\n\t\t\t\t\t<div class=\"elementor-column elementor-col-50 elementor-top-column elementor-element elementor-element-2d16330\" data-id=\"2d16330\" data-element_type=\"column\" data-e-type=\"column\">\n\t\t\t<div class=\"elementor-widget-wrap elementor-element-populated\">\n\t\t\t\t\t\t<section class=\"elementor-section elementor-inner-section elementor-element elementor-element-f62fdcc elementor-section-boxed elementor-section-height-default elementor-section-height-default\" data-id=\"f62fdcc\" data-element_type=\"section\" data-e-type=\"section\">\n\t\t\t\t\t\t<div class=\"elementor-container elementor-column-gap-default\">\n\t\t\t\t\t<div class=\"elementor-column elementor-col-50 elementor-inner-column elementor-element elementor-element-3e0b200\" data-id=\"3e0b200\" data-element_type=\"column\" data-e-type=\"column\">\n\t\t\t<div class=\"elementor-widget-wrap\">\n\t\t\t\t\t\t\t<\/div>\n\t\t<\/div>\n\t\t\t\t<div class=\"elementor-column elementor-col-50 elementor-inner-column elementor-element elementor-element-bd993b1\" data-id=\"bd993b1\" data-element_type=\"column\" data-e-type=\"column\">\n\t\t\t<div class=\"elementor-widget-wrap\">\n\t\t\t\t\t\t\t<\/div>\n\t\t<\/div>\n\t\t\t\t\t<\/div>\n\t\t<\/section>\n\t\t\t\t\t<\/div>\n\t\t<\/div>\n\t\t\t\t<div class=\"elementor-column elementor-col-50 elementor-top-column elementor-element elementor-element-d32ee96\" data-id=\"d32ee96\" data-element_type=\"column\" data-e-type=\"column\">\n\t\t\t<div class=\"elementor-widget-wrap\">\n\t\t\t\t\t\t\t<\/div>\n\t\t<\/div>\n\t\t\t\t\t<\/div>\n\t\t<\/section>\n\t\t\t\t<section class=\"elementor-section elementor-top-section elementor-element elementor-element-2213be2 elementor-section-boxed elementor-section-height-default elementor-section-height-default\" data-id=\"2213be2\" data-element_type=\"section\" data-e-type=\"section\">\n\t\t\t\t\t\t<div class=\"elementor-container elementor-column-gap-default\">\n\t\t\t\t\t<div class=\"elementor-column elementor-col-50 elementor-top-column elementor-element elementor-element-949910a\" data-id=\"949910a\" data-element_type=\"column\" data-e-type=\"column\">\n\t\t\t<div class=\"elementor-widget-wrap\">\n\t\t\t\t\t\t\t<\/div>\n\t\t<\/div>\n\t\t\t\t<div class=\"elementor-column elementor-col-50 elementor-top-column elementor-element elementor-element-6cf7a9c\" data-id=\"6cf7a9c\" data-element_type=\"column\" data-e-type=\"column\">\n\t\t\t<div class=\"elementor-widget-wrap\">\n\t\t\t\t\t\t\t<\/div>\n\t\t<\/div>\n\t\t\t\t\t<\/div>\n\t\t<\/section>\n\t\t\t\t<section class=\"elementor-section elementor-top-section elementor-element elementor-element-ce9a613 elementor-section-boxed elementor-section-height-default elementor-section-height-default\" data-id=\"ce9a613\" data-element_type=\"section\" data-e-type=\"section\">\n\t\t\t\t\t\t<div class=\"elementor-container elementor-column-gap-default\">\n\t\t\t\t\t<div class=\"elementor-column elementor-col-50 elementor-top-column elementor-element elementor-element-1263d46\" data-id=\"1263d46\" data-element_type=\"column\" data-e-type=\"column\">\n\t\t\t<div class=\"elementor-widget-wrap elementor-element-populated\">\n\t\t\t\t\t\t<div class=\"elementor-element elementor-element-1a705a0 elementor-widget elementor-widget-text-editor\" data-id=\"1a705a0\" data-element_type=\"widget\" data-e-type=\"widget\" data-widget_type=\"text-editor.default\">\n\t\t\t\t<div class=\"elementor-widget-container\">\n\t\t\t\t\t\t\t\t\t<p style=\"text-align: center;\"><span style=\"font-size: 20px; color: #000000;\">Motorsegler<\/span><\/p>\t\t\t\t\t\t\t\t<\/div>\n\t\t\t\t<\/div>\n\t\t\t\t<div class=\"elementor-element elementor-element-f7d1852 elementor-widget elementor-widget-text-editor\" data-id=\"f7d1852\" data-element_type=\"widget\" data-e-type=\"widget\" data-widget_type=\"text-editor.default\">\n\t\t\t\t<div class=\"elementor-widget-container\">\n\t\t\t\t\t\t\t\t\t<p style=\"text-align: center;\"><span style=\"color: #000000; font-size: 20px;\">Segelflugzeuge<\/span><\/p>\t\t\t\t\t\t\t\t<\/div>\n\t\t\t\t<\/div>\n\t\t\t\t<div class=\"elementor-element elementor-element-5ff49d9 elementor-widget elementor-widget-text-editor\" data-id=\"5ff49d9\" data-element_type=\"widget\" data-e-type=\"widget\" data-widget_type=\"text-editor.default\">\n\t\t\t\t<div class=\"elementor-widget-container\">\n\t\t\t\t\t\t\t\t\t<p style=\"text-align: center;\"><span style=\"font-size: 20px; color: #000000;\">Motorflugzeuge<\/span><\/p>\t\t\t\t\t\t\t\t<\/div>\n\t\t\t\t<\/div>\n\t\t\t\t\t<\/div>\n\t\t<\/div>\n\t\t\t\t<div class=\"elementor-column elementor-col-50 elementor-top-column elementor-element elementor-element-97a3220\" data-id=\"97a3220\" data-element_type=\"column\" data-e-type=\"column\">\n\t\t\t<div class=\"elementor-widget-wrap elementor-element-populated\">\n\t\t\t\t\t\t<div class=\"elementor-element elementor-element-79db75d elementor-widget elementor-widget-image\" data-id=\"79db75d\" data-element_type=\"widget\" data-e-type=\"widget\" data-widget_type=\"image.default\">\n\t\t\t\t<div class=\"elementor-widget-container\">\n\t\t\t\t\t\t\t\t\t\t\t\t\t\t\t\t<a href=\"https:\/\/www.lsv-geilenkirchen.de\/?page_id=67\">\n\t\t\t\t\t\t\t<img decoding=\"async\" width=\"150\" height=\"100\" src=\"https:\/\/www.lsv-geilenkirchen.de\/wp-content\/uploads\/2019\/08\/SF-25C-150x100.png\" class=\"attachment-post-thumbnail size-post-thumbnail wp-image-1664\" alt=\"\" srcset=\"https:\/\/www.lsv-geilenkirchen.de\/wp-content\/uploads\/2019\/08\/SF-25C-150x100.png 150w, https:\/\/www.lsv-geilenkirchen.de\/wp-content\/uploads\/2019\/08\/SF-25C-300x200.png 300w, https:\/\/www.lsv-geilenkirchen.de\/wp-content\/uploads\/2019\/08\/SF-25C-768x512.png 768w, https:\/\/www.lsv-geilenkirchen.de\/wp-content\/uploads\/2019\/08\/SF-25C-1024x683.png 1024w, https:\/\/www.lsv-geilenkirchen.de\/wp-content\/uploads\/2019\/08\/SF-25C-225x150.png 225w, https:\/\/www.lsv-geilenkirchen.de\/wp-content\/uploads\/2019\/08\/SF-25C.png 1900w\" sizes=\"(max-width: 150px) 100vw, 150px\" \/>\t\t\t\t\t\t\t\t<\/a>\n\t\t\t\t\t\t\t\t\t\t\t\t\t\t\t<\/div>\n\t\t\t\t<\/div>\n\t\t\t\t<div class=\"elementor-element elementor-element-aff28fc elementor-widget elementor-widget-image\" data-id=\"aff28fc\" data-element_type=\"widget\" data-e-type=\"widget\" data-widget_type=\"image.default\">\n\t\t\t\t<div class=\"elementor-widget-container\">\n\t\t\t\t\t\t\t\t\t\t\t\t\t\t\t\t<a href=\"https:\/\/www.lsv-geilenkirchen.de\/?page_id=65\">\n\t\t\t\t\t\t\t<img decoding=\"async\" width=\"150\" height=\"113\" src=\"https:\/\/www.lsv-geilenkirchen.de\/wp-content\/uploads\/2023\/06\/6c8f2a8c-f0e7-4a0e-9268-2fb89f2ceb20-Kopie-150x113.jpg\" class=\"attachment-post-thumbnail size-post-thumbnail wp-image-2196\" alt=\"\" srcset=\"https:\/\/www.lsv-geilenkirchen.de\/wp-content\/uploads\/2023\/06\/6c8f2a8c-f0e7-4a0e-9268-2fb89f2ceb20-Kopie-150x113.jpg 150w, https:\/\/www.lsv-geilenkirchen.de\/wp-content\/uploads\/2023\/06\/6c8f2a8c-f0e7-4a0e-9268-2fb89f2ceb20-Kopie-300x225.jpg 300w, https:\/\/www.lsv-geilenkirchen.de\/wp-content\/uploads\/2023\/06\/6c8f2a8c-f0e7-4a0e-9268-2fb89f2ceb20-Kopie-1024x768.jpg 1024w, https:\/\/www.lsv-geilenkirchen.de\/wp-content\/uploads\/2023\/06\/6c8f2a8c-f0e7-4a0e-9268-2fb89f2ceb20-Kopie-768x576.jpg 768w, https:\/\/www.lsv-geilenkirchen.de\/wp-content\/uploads\/2023\/06\/6c8f2a8c-f0e7-4a0e-9268-2fb89f2ceb20-Kopie-1536x1152.jpg 1536w, https:\/\/www.lsv-geilenkirchen.de\/wp-content\/uploads\/2023\/06\/6c8f2a8c-f0e7-4a0e-9268-2fb89f2ceb20-Kopie-200x150.jpg 200w, https:\/\/www.lsv-geilenkirchen.de\/wp-content\/uploads\/2023\/06\/6c8f2a8c-f0e7-4a0e-9268-2fb89f2ceb20-Kopie.jpg 2048w\" sizes=\"(max-width: 150px) 100vw, 150px\" \/>\t\t\t\t\t\t\t\t<\/a>\n\t\t\t\t\t\t\t\t\t\t\t\t\t\t\t<\/div>\n\t\t\t\t<\/div>\n\t\t\t\t<div class=\"elementor-element elementor-element-47a1a4c elementor-widget elementor-widget-image\" data-id=\"47a1a4c\" data-element_type=\"widget\" data-e-type=\"widget\" data-widget_type=\"image.default\">\n\t\t\t\t<div class=\"elementor-widget-container\">\n\t\t\t\t\t\t\t\t\t\t\t\t\t\t\t\t<a href=\"https:\/\/www.lsv-geilenkirchen.de\/?page_id=118\">\n\t\t\t\t\t\t\t<img loading=\"lazy\" decoding=\"async\" width=\"150\" height=\"150\" src=\"https:\/\/www.lsv-geilenkirchen.de\/wp-content\/uploads\/2016\/03\/ThomasTheorieBeitrag2-150x150.jpg\" class=\"attachment-thumbnail size-thumbnail wp-image-112\" alt=\"\" \/>\t\t\t\t\t\t\t\t<\/a>\n\t\t\t\t\t\t\t\t\t\t\t\t\t\t\t<\/div>\n\t\t\t\t<\/div>\n\t\t\t\t\t<\/div>\n\t\t<\/div>\n\t\t\t\t\t<\/div>\n\t\t<\/section>\n\t\t\t\t<\/div>\n\t\t","protected":false},"excerpt":{"rendered":"<p>. F\u00fcr unsere Segelflieger stehen vier Segelflugzeuge zur Verf\u00fcgung, davon ein Doppelsitzer. Die doppelsitzige ASK21 wird haupts\u00e4chlich f\u00fcr den Schulbetrieb eingesetzt. Sowohl Segel- als auch Motorflieger k\u00f6nnen auf den Motorsegler Scheibe Falke 25 C zur\u00fcckgreifen. Der Flugzeugpark wird von vier Motorflugzeugen abgerundet. Dazu kommen noch mehrere Flugzeuge, die sich im \u2026 <a class=\"continue-reading-link\" href=\"https:\/\/www.lsv-geilenkirchen.de\/?page_id=61\"> Continue reading <span class=\"meta-nav\">&rarr; <\/span><\/a><\/p>\n","protected":false},"author":2,"featured_media":1880,"parent":0,"menu_order":0,"comment_status":"closed","ping_status":"closed","template":"","meta":{"ngg_post_thumbnail":0,"footnotes":""},"class_list":["post-61","page","type-page","status-publish","has-post-thumbnail","hentry"],"_links":{"self":[{"href":"https:\/\/www.lsv-geilenkirchen.de\/index.php?rest_route=\/wp\/v2\/pages\/61","targetHints":{"allow":["GET"]}}],"collection":[{"href":"https:\/\/www.lsv-geilenkirchen.de\/index.php?rest_route=\/wp\/v2\/pages"}],"about":[{"href":"https:\/\/www.lsv-geilenkirchen.de\/index.php?rest_route=\/wp\/v2\/types\/page"}],"author":[{"embeddable":true,"href":"https:\/\/www.lsv-geilenkirchen.de\/index.php?rest_route=\/wp\/v2\/users\/2"}],"replies":[{"embeddable":true,"href":"https:\/\/www.lsv-geilenkirchen.de\/index.php?rest_route=%2Fwp%2Fv2%2Fcomments&post=61"}],"version-history":[{"count":34,"href":"https:\/\/www.lsv-geilenkirchen.de\/index.php?rest_route=\/wp\/v2\/pages\/61\/revisions"}],"predecessor-version":[{"id":2782,"href":"https:\/\/www.lsv-geilenkirchen.de\/index.php?rest_route=\/wp\/v2\/pages\/61\/revisions\/2782"}],"wp:featuredmedia":[{"embeddable":true,"href":"https:\/\/www.lsv-geilenkirchen.de\/index.php?rest_route=\/wp\/v2\/media\/1880"}],"wp:attachment":[{"href":"https:\/\/www.lsv-geilenkirchen.de\/index.php?rest_route=%2Fwp%2Fv2%2Fmedia&parent=61"}],"curies":[{"name":"wp","href":"https:\/\/api.w.org\/{rel}","templated":true}]}}