{"id":5,"date":"2015-08-09T00:36:00","date_gmt":"2015-08-08T22:36:00","guid":{"rendered":"http:\/\/wp.lsv-geilenkirchen.de\/?page_id=5"},"modified":"2025-08-03T20:52:08","modified_gmt":"2025-08-03T18:52:08","slug":"vorstand","status":"publish","type":"page","link":"https:\/\/www.lsv-geilenkirchen.de\/?page_id=5","title":{"rendered":"Unser Vorstand"},"content":{"rendered":"\n<figure class=\"wp-block-image is-resized\"><a href=\"https:\/\/www.lsv-geilenkirchen.de\/wp-content\/uploads\/2025\/07\/Heinz-Erkens-1-e1752429655662.jpg\"><img fetchpriority=\"high\" decoding=\"async\" width=\"223\" height=\"300\" src=\"https:\/\/www.lsv-geilenkirchen.de\/wp-content\/uploads\/2025\/07\/Heinz-Erkens-1-e1752429655662-223x300.jpg\" alt=\"\" class=\"wp-image-2550\" style=\"width:223px;height:auto\" srcset=\"https:\/\/www.lsv-geilenkirchen.de\/wp-content\/uploads\/2025\/07\/Heinz-Erkens-1-e1752429655662-223x300.jpg 223w, https:\/\/www.lsv-geilenkirchen.de\/wp-content\/uploads\/2025\/07\/Heinz-Erkens-1-e1752429655662-762x1024.jpg 762w, https:\/\/www.lsv-geilenkirchen.de\/wp-content\/uploads\/2025\/07\/Heinz-Erkens-1-e1752429655662-768x1033.jpg 768w, https:\/\/www.lsv-geilenkirchen.de\/wp-content\/uploads\/2025\/07\/Heinz-Erkens-1-e1752429655662-1142x1536.jpg 1142w, https:\/\/www.lsv-geilenkirchen.de\/wp-content\/uploads\/2025\/07\/Heinz-Erkens-1-e1752429655662-112x150.jpg 112w, https:\/\/www.lsv-geilenkirchen.de\/wp-content\/uploads\/2025\/07\/Heinz-Erkens-1-e1752429655662.jpg 1190w\" sizes=\"(max-width: 223px) 100vw, 223px\" \/><\/a><\/figure>\n\n\n\n<h6 class=\"wp-block-heading\">1. Vorsitzender<\/h6>\n\n\n\n<p>Heinz Erkens<\/p>\n\n\n\n<p>____________________________________________<\/p>\n\n\n\n<figure class=\"wp-block-image\"><a href=\"https:\/\/www.lsv-geilenkirchen.de\/wp-content\/uploads\/2025\/07\/Peter-Hoeppener.png\"><img decoding=\"async\" width=\"228\" height=\"300\" src=\"https:\/\/www.lsv-geilenkirchen.de\/wp-content\/uploads\/2025\/07\/Peter-Hoeppener-228x300.png\" alt=\"\" class=\"wp-image-2484\" srcset=\"https:\/\/www.lsv-geilenkirchen.de\/wp-content\/uploads\/2025\/07\/Peter-Hoeppener-228x300.png 228w, https:\/\/www.lsv-geilenkirchen.de\/wp-content\/uploads\/2025\/07\/Peter-Hoeppener-114x150.png 114w, https:\/\/www.lsv-geilenkirchen.de\/wp-content\/uploads\/2025\/07\/Peter-Hoeppener.png 542w\" sizes=\"(max-width: 228px) 100vw, 228px\" \/><\/a><\/figure>\n\n\n\n<p><\/p>\n\n\n\n<figure><\/figure>\n\n\n\n<h6 class=\"wp-block-heading\">2. Vorsitzender<\/h6>\n\n\n\n<p>Peter H\u00f6ppener<\/p>\n\n\n\n<p>____________________________________________<\/p>\n\n\n\n<figure class=\"wp-block-image size-large is-resized\"><a href=\"https:\/\/www.lsv-geilenkirchen.de\/wp-content\/uploads\/2025\/08\/20230226_133314-scaled.jpg\"><img decoding=\"async\" width=\"1707\" height=\"2560\" src=\"https:\/\/www.lsv-geilenkirchen.de\/wp-content\/uploads\/2025\/08\/20230226_133314-edited-1-scaled.jpg\" alt=\"\" class=\"wp-image-2664\" style=\"width:224px;height:auto\" srcset=\"https:\/\/www.lsv-geilenkirchen.de\/wp-content\/uploads\/2025\/08\/20230226_133314-edited-1-scaled.jpg 1707w, https:\/\/www.lsv-geilenkirchen.de\/wp-content\/uploads\/2025\/08\/20230226_133314-edited-1-200x300.jpg 200w, https:\/\/www.lsv-geilenkirchen.de\/wp-content\/uploads\/2025\/08\/20230226_133314-edited-1-683x1024.jpg 683w, https:\/\/www.lsv-geilenkirchen.de\/wp-content\/uploads\/2025\/08\/20230226_133314-edited-1-768x1152.jpg 768w, https:\/\/www.lsv-geilenkirchen.de\/wp-content\/uploads\/2025\/08\/20230226_133314-edited-1-1024x1536.jpg 1024w, https:\/\/www.lsv-geilenkirchen.de\/wp-content\/uploads\/2025\/08\/20230226_133314-edited-1-1365x2048.jpg 1365w, https:\/\/www.lsv-geilenkirchen.de\/wp-content\/uploads\/2025\/08\/20230226_133314-edited-1-100x150.jpg 100w\" sizes=\"(max-width: 1707px) 100vw, 1707px\" \/><\/a><\/figure>\n\n\n\n<h6 class=\"wp-block-heading\">Gesch\u00e4ftsf\u00fchrer<\/h6>\n\n\n\n<p>Hermann Thissen<\/p>\n\n\n\n<p>____________________________________________<\/p>\n\n\n\n<figure class=\"wp-block-image\"><a href=\"https:\/\/www.lsv-geilenkirchen.de\/wp-content\/uploads\/2025\/07\/steven-1.jpg\"><img loading=\"lazy\" decoding=\"async\" width=\"210\" height=\"300\" src=\"https:\/\/www.lsv-geilenkirchen.de\/wp-content\/uploads\/2025\/07\/steven-1-e1751999115535-210x300.jpg\" alt=\"\" class=\"wp-image-2483\" srcset=\"https:\/\/www.lsv-geilenkirchen.de\/wp-content\/uploads\/2025\/07\/steven-1-e1751999115535-210x300.jpg 210w, https:\/\/www.lsv-geilenkirchen.de\/wp-content\/uploads\/2025\/07\/steven-1-e1751999115535-105x150.jpg 105w, https:\/\/www.lsv-geilenkirchen.de\/wp-content\/uploads\/2025\/07\/steven-1-e1751999115535.jpg 291w\" sizes=\"(max-width: 210px) 100vw, 210px\" \/><\/a><\/figure>\n\n\n\n<p><\/p>\n\n\n\n<h6 class=\"wp-block-heading\">Schriftf\u00fchrer<\/h6>\n\n\n\n<p>Steven Bogner<\/p>\n\n\n\n<p>____________________________________________<\/p>\n\n\n\n<h6 class=\"wp-block-heading\"><figure><a href=\"https:\/\/www.lsv-geilenkirchen.de\/wp-content\/uploads\/2025\/07\/henry.jpg\"><img loading=\"lazy\" decoding=\"async\" class=\"alignnone wp-image-2470 \" src=\"https:\/\/www.lsv-geilenkirchen.de\/wp-content\/uploads\/2025\/07\/henry-225x300.jpg\" alt=\"\" width=\"230\" height=\"307\" srcset=\"https:\/\/www.lsv-geilenkirchen.de\/wp-content\/uploads\/2025\/07\/henry-225x300.jpg 225w, https:\/\/www.lsv-geilenkirchen.de\/wp-content\/uploads\/2025\/07\/henry-768x1024.jpg 768w, https:\/\/www.lsv-geilenkirchen.de\/wp-content\/uploads\/2025\/07\/henry-1152x1536.jpg 1152w, https:\/\/www.lsv-geilenkirchen.de\/wp-content\/uploads\/2025\/07\/henry-113x150.jpg 113w, https:\/\/www.lsv-geilenkirchen.de\/wp-content\/uploads\/2025\/07\/henry.jpg 1536w\" sizes=\"(max-width: 230px) 100vw, 230px\" \/><\/a><\/figure><\/h6>\n\n\n\n<h6 class=\"wp-block-heading\">Kassierer<\/h6>\n\n\n\n<p>Henry Hoffmann<\/p>\n\n\n\n<p>&nbsp;<\/p>\n\n\n\n\n","protected":false},"excerpt":{"rendered":"<p>1. Vorsitzender Heinz Erkens ____________________________________________ 2. Vorsitzender Peter H\u00f6ppener ____________________________________________ Gesch\u00e4ftsf\u00fchrer Hermann Thissen ____________________________________________ Schriftf\u00fchrer Steven Bogner ____________________________________________ Kassierer Henry Hoffmann &nbsp;<\/p>\n","protected":false},"author":8,"featured_media":0,"parent":29,"menu_order":0,"comment_status":"closed","ping_status":"closed","template":"","meta":{"ngg_post_thumbnail":0,"footnotes":""},"class_list":["post-5","page","type-page","status-publish","hentry"],"_links":{"self":[{"href":"https:\/\/www.lsv-geilenkirchen.de\/index.php?rest_route=\/wp\/v2\/pages\/5","targetHints":{"allow":["GET"]}}],"collection":[{"href":"https:\/\/www.lsv-geilenkirchen.de\/index.php?rest_route=\/wp\/v2\/pages"}],"about":[{"href":"https:\/\/www.lsv-geilenkirchen.de\/index.php?rest_route=\/wp\/v2\/types\/page"}],"author":[{"embeddable":true,"href":"https:\/\/www.lsv-geilenkirchen.de\/index.php?rest_route=\/wp\/v2\/users\/8"}],"replies":[{"embeddable":true,"href":"https:\/\/www.lsv-geilenkirchen.de\/index.php?rest_route=%2Fwp%2Fv2%2Fcomments&post=5"}],"version-history":[{"count":47,"href":"https:\/\/www.lsv-geilenkirchen.de\/index.php?rest_route=\/wp\/v2\/pages\/5\/revisions"}],"predecessor-version":[{"id":2666,"href":"https:\/\/www.lsv-geilenkirchen.de\/index.php?rest_route=\/wp\/v2\/pages\/5\/revisions\/2666"}],"up":[{"embeddable":true,"href":"https:\/\/www.lsv-geilenkirchen.de\/index.php?rest_route=\/wp\/v2\/pages\/29"}],"wp:attachment":[{"href":"https:\/\/www.lsv-geilenkirchen.de\/index.php?rest_route=%2Fwp%2Fv2%2Fmedia&parent=5"}],"curies":[{"name":"wp","href":"https:\/\/api.w.org\/{rel}","templated":true}]}}