{"id":17,"date":"2015-08-09T08:49:48","date_gmt":"2015-08-09T06:49:48","guid":{"rendered":"http:\/\/wp.lsv-geilenkirchen.de\/?page_id=17"},"modified":"2018-12-30T18:01:52","modified_gmt":"2018-12-30T17:01:52","slug":"werkstatt","status":"publish","type":"page","link":"https:\/\/www.lsv-geilenkirchen.de\/?page_id=17","title":{"rendered":"Werkstatt"},"content":{"rendered":"<p><img fetchpriority=\"high\" decoding=\"async\" width=\"768\" height=\"432\" class=\"aligncenter\" alt=\"\" src=\"https:\/\/www.lsv-geilenkirchen.de\/wp-content\/uploads\/2016\/03\/photo1.jpg\" sizes=\"(max-width: 768px) 100vw, 768px\" srcset=\"https:\/\/www.lsv-geilenkirchen.de\/wp-content\/uploads\/2016\/03\/photo1.jpg 1599w, https:\/\/www.lsv-geilenkirchen.de\/wp-content\/uploads\/2016\/03\/photo1-300x169.jpg 300w, https:\/\/www.lsv-geilenkirchen.de\/wp-content\/uploads\/2016\/03\/photo1-1024x576.jpg 1024w\"><\/p>\n<p>Wartungsarbeiten und kleinere Reparaturen werden in Abstimmung mit dem Pr\u00fcfer durch uns durchgef\u00fchrt. Dies tr\u00e4gt dazu bei, die Kosten in einem \u00fcberschaubaren Rahmen zu halten. Der handwerkliche und technische Ausbildungsstand im Verein ist stets durch entsprechende Lehrg\u00e4nge beim Landesverband DAeC NRW gew\u00e4hrleistet.<\/p>\n<p>F\u00fcr die Durchf\u00fchrung der Arbeiten steht uns eine gut ausgestattete Werkstatt zur Verf\u00fcgung.<\/p>\n<p><a href=\"https:\/\/www.lsv-geilenkirchen.de\/wp-content\/uploads\/2018\/12\/IMG_1600.jpg\"><img decoding=\"async\" width=\"768\" height=\"453\" class=\"aligncenter size-full wp-image-1115\" alt=\"\" src=\"https:\/\/www.lsv-geilenkirchen.de\/wp-content\/uploads\/2018\/12\/IMG_1600.jpg\" srcset=\"https:\/\/www.lsv-geilenkirchen.de\/wp-content\/uploads\/2018\/12\/IMG_1600.jpg 768w, https:\/\/www.lsv-geilenkirchen.de\/wp-content\/uploads\/2018\/12\/IMG_1600-300x177.jpg 300w, https:\/\/www.lsv-geilenkirchen.de\/wp-content\/uploads\/2018\/12\/IMG_1600-150x88.jpg 150w, https:\/\/www.lsv-geilenkirchen.de\/wp-content\/uploads\/2018\/12\/IMG_1600-250x147.jpg 250w\" sizes=\"(max-width: 768px) 100vw, 768px\" \/><\/a><\/p>\n","protected":false},"excerpt":{"rendered":"<p>Wartungsarbeiten und kleinere Reparaturen werden in Abstimmung mit dem Pr\u00fcfer durch uns durchgef\u00fchrt. Dies tr\u00e4gt dazu bei, die Kosten in einem \u00fcberschaubaren Rahmen zu halten. Der handwerkliche und technische Ausbildungsstand im Verein ist stets durch entsprechende Lehrg\u00e4nge beim Landesverband DAeC NRW gew\u00e4hrleistet. F\u00fcr die Durchf\u00fchrung der Arbeiten steht uns eine \u2026 <a class=\"continue-reading-link\" href=\"https:\/\/www.lsv-geilenkirchen.de\/?page_id=17\"> Continue reading <span class=\"meta-nav\">&rarr; <\/span><\/a><\/p>\n","protected":false},"author":2,"featured_media":160,"parent":29,"menu_order":0,"comment_status":"closed","ping_status":"open","template":"","meta":{"ngg_post_thumbnail":0,"footnotes":""},"class_list":["post-17","page","type-page","status-publish","has-post-thumbnail","hentry"],"_links":{"self":[{"href":"https:\/\/www.lsv-geilenkirchen.de\/index.php?rest_route=\/wp\/v2\/pages\/17","targetHints":{"allow":["GET"]}}],"collection":[{"href":"https:\/\/www.lsv-geilenkirchen.de\/index.php?rest_route=\/wp\/v2\/pages"}],"about":[{"href":"https:\/\/www.lsv-geilenkirchen.de\/index.php?rest_route=\/wp\/v2\/types\/page"}],"author":[{"embeddable":true,"href":"https:\/\/www.lsv-geilenkirchen.de\/index.php?rest_route=\/wp\/v2\/users\/2"}],"replies":[{"embeddable":true,"href":"https:\/\/www.lsv-geilenkirchen.de\/index.php?rest_route=%2Fwp%2Fv2%2Fcomments&post=17"}],"version-history":[{"count":12,"href":"https:\/\/www.lsv-geilenkirchen.de\/index.php?rest_route=\/wp\/v2\/pages\/17\/revisions"}],"predecessor-version":[{"id":1117,"href":"https:\/\/www.lsv-geilenkirchen.de\/index.php?rest_route=\/wp\/v2\/pages\/17\/revisions\/1117"}],"up":[{"embeddable":true,"href":"https:\/\/www.lsv-geilenkirchen.de\/index.php?rest_route=\/wp\/v2\/pages\/29"}],"wp:featuredmedia":[{"embeddable":true,"href":"https:\/\/www.lsv-geilenkirchen.de\/index.php?rest_route=\/wp\/v2\/media\/160"}],"wp:attachment":[{"href":"https:\/\/www.lsv-geilenkirchen.de\/index.php?rest_route=%2Fwp%2Fv2%2Fmedia&parent=17"}],"curies":[{"name":"wp","href":"https:\/\/api.w.org\/{rel}","templated":true}]}}