{"id":1214,"date":"2019-04-01T17:40:57","date_gmt":"2019-04-01T15:40:57","guid":{"rendered":"https:\/\/www.lsv-geilenkirchen.de\/?page_id=1214"},"modified":"2019-05-12T13:18:33","modified_gmt":"2019-05-12T11:18:33","slug":"anfliegen-2019","status":"publish","type":"page","link":"https:\/\/www.lsv-geilenkirchen.de\/?page_id=1214","title":{"rendered":"Anfliegen 2019"},"content":{"rendered":"\n<p>Unser Anfliegen fand 2019, aufgrund des schlechten Wetters am Samstag, am Sonntag den 28.04.2019 statt. <\/p>\n\n\n\n<p>Trotzdem fand unser diesj\u00e4hriges Anfliegen erneut bei Familienangeh\u00f6rigen und Freunden des LSV Geilenkirchen e.V., der FAG Aachen und des IMFC Geilenkirchen gro\u00dfen Anklang. Nach dem Fr\u00fchst\u00fcck bei der Modellfluggruppe wurde der Aufbau des Flugbetriebs vorangetrieben. F\u00fcr Angeh\u00f6rige, Freunde und Mitglieder hatten wir ein Zelt und einen Speisewagen organisiert. Viele helfende H\u00e4nde hatten sich an der Vorbereitungen f\u00fcr diesen Tag beteiligt. Hierzu m\u00f6chten wir uns bei allen herzlich bedanken.<\/p>\n\n\n\n<p>Befreundete Piloten aus den Niederlanden und Deutschland besuchten uns an diesem Tag. So konnten wir unter anderem Theo van Gaalen mit Nancy aus Hoogeveen und J\u00f6rg Brokamp mit Kerstin aus Marl begr\u00fc\u00dfen. Beide kamen mit ihren privaten Piaggios zu unserem Event.<\/p>\n\n\n\n<p>Im Laufe des Tages wurden neben vielen interessanten Gespr\u00e4che zahlreiche Gastfl\u00fcge mit unseren Segelflugzeugen, Motorsegler und Motorflugzeugen durchgef\u00fchrt. Ein durchweg gelungenes Event, dass bei unseren G\u00e4sten gro\u00dfen Anklang fand.\u00a0<\/p>\n\n\n\n<p>Gegen 17.00 Uhr fand der R\u00fcckflug der beiden Piaggios Richtung Hoogeveen und Marl statt. Begleitet wurden die beiden Maschinen von unserer Piaggio bis auf H\u00f6he von Grefrath. Pers\u00f6nlich hat es mich (Robert Kofferath) gefreut, dass ich als Copiloten unser ehemaliges langj\u00e4hriges Mitglied Holger Petersen dabei hatte.<br><\/p>\n\n\n\n<p>Hier ein paar Impressionen.<\/p>\n\n\n\nngg_shortcode_0_placeholder\n","protected":false},"excerpt":{"rendered":"<p>Unser Anfliegen fand 2019, aufgrund des schlechten Wetters am Samstag, am Sonntag den 28.04.2019 statt. Trotzdem fand unser diesj\u00e4hriges Anfliegen erneut bei Familienangeh\u00f6rigen und Freunden des LSV Geilenkirchen e.V., der FAG Aachen und des IMFC Geilenkirchen gro\u00dfen Anklang. Nach dem Fr\u00fchst\u00fcck bei der Modellfluggruppe wurde der Aufbau des Flugbetriebs vorangetrieben. \u2026 <a class=\"continue-reading-link\" href=\"https:\/\/www.lsv-geilenkirchen.de\/?page_id=1214\"> Continue reading <span class=\"meta-nav\">&rarr; <\/span><\/a><\/p>\n","protected":false},"author":2,"featured_media":0,"parent":1217,"menu_order":0,"comment_status":"closed","ping_status":"closed","template":"","meta":{"ngg_post_thumbnail":0,"footnotes":""},"class_list":["post-1214","page","type-page","status-publish","hentry"],"_links":{"self":[{"href":"https:\/\/www.lsv-geilenkirchen.de\/index.php?rest_route=\/wp\/v2\/pages\/1214","targetHints":{"allow":["GET"]}}],"collection":[{"href":"https:\/\/www.lsv-geilenkirchen.de\/index.php?rest_route=\/wp\/v2\/pages"}],"about":[{"href":"https:\/\/www.lsv-geilenkirchen.de\/index.php?rest_route=\/wp\/v2\/types\/page"}],"author":[{"embeddable":true,"href":"https:\/\/www.lsv-geilenkirchen.de\/index.php?rest_route=\/wp\/v2\/users\/2"}],"replies":[{"embeddable":true,"href":"https:\/\/www.lsv-geilenkirchen.de\/index.php?rest_route=%2Fwp%2Fv2%2Fcomments&post=1214"}],"version-history":[{"count":4,"href":"https:\/\/www.lsv-geilenkirchen.de\/index.php?rest_route=\/wp\/v2\/pages\/1214\/revisions"}],"predecessor-version":[{"id":1452,"href":"https:\/\/www.lsv-geilenkirchen.de\/index.php?rest_route=\/wp\/v2\/pages\/1214\/revisions\/1452"}],"up":[{"embeddable":true,"href":"https:\/\/www.lsv-geilenkirchen.de\/index.php?rest_route=\/wp\/v2\/pages\/1217"}],"wp:attachment":[{"href":"https:\/\/www.lsv-geilenkirchen.de\/index.php?rest_route=%2Fwp%2Fv2%2Fmedia&parent=1214"}],"curies":[{"name":"wp","href":"https:\/\/api.w.org\/{rel}","templated":true}]}}