{"id":102,"date":"2016-03-11T20:41:34","date_gmt":"2016-03-11T19:41:34","guid":{"rendered":"http:\/\/wp.lsv-geilenkirchen.de\/?page_id=102"},"modified":"2019-07-26T13:27:07","modified_gmt":"2019-07-26T11:27:07","slug":"fliegerlager-2014","status":"publish","type":"page","link":"https:\/\/www.lsv-geilenkirchen.de\/?page_id=102","title":{"rendered":"Fliegerlager 2014 &#8222;Bad Sobernheim&#8220;"},"content":{"rendered":"<p>Der LSV Geilenkirchen hat im Sommer 2014 wieder mal ein Fliegerlager veranstaltet.<\/p>\n<p>Vom 26.07.2014 bis zum 03.08.2014 ging es nach Bad Sobernheim zur Erweiterung der Flugkenntnisse und St\u00e4rkung der Gemeinschaft im Verein.<\/p>\n<p>Dabei waren die Flugzeuge des LSV vom Typ ASK13 und ASK23 sowie weitere Flugzeuge unseres befreundeten Vereins, der FAG Aachen. In dieser Woche kamen etliche Starts von Flugsch\u00fclern wie auch von Scheinpiloten zusammen. Es wurden drei A-Pr\u00fcfungen geflogen und es gab auch mehrere Au\u00dfenlandungen. \u00dcbernachtet wurde in mitgebrachten Zelten und wetterbedingt in der Flugzeughalle. Jeder Tag wurde optimal genutzt und es wurde bis zum Sonnenuntergang geflogen. An einem Tag ging es ins Flugzeugmuseum nach Hermeskeil, weil das Wetter keinen Flugbetrieb zugelassen hat. Die Zusammenarbeit mit dem Flugsportverein Sobernheim war hervorragend und l\u00e4sst auf weitere gemeinsame Fliegerlager hoffen.<\/p>\n<p>(Laura, Paula und Robin)<\/p>\n<p>&nbsp;<\/p>\nngg_shortcode_0_placeholder\n","protected":false},"excerpt":{"rendered":"<p>Der LSV Geilenkirchen hat im Sommer 2014 wieder mal ein Fliegerlager veranstaltet. Vom 26.07.2014 bis zum 03.08.2014 ging es nach Bad Sobernheim zur Erweiterung der Flugkenntnisse und St\u00e4rkung der Gemeinschaft im Verein. Dabei waren die Flugzeuge des LSV vom Typ ASK13 und ASK23 sowie weitere Flugzeuge unseres befreundeten Vereins, der \u2026 <a class=\"continue-reading-link\" href=\"https:\/\/www.lsv-geilenkirchen.de\/?page_id=102\"> Continue reading <span class=\"meta-nav\">&rarr; <\/span><\/a><\/p>\n","protected":false},"author":2,"featured_media":167,"parent":100,"menu_order":0,"comment_status":"open","ping_status":"open","template":"","meta":{"ngg_post_thumbnail":0,"footnotes":""},"class_list":["post-102","page","type-page","status-publish","has-post-thumbnail","hentry"],"_links":{"self":[{"href":"https:\/\/www.lsv-geilenkirchen.de\/index.php?rest_route=\/wp\/v2\/pages\/102","targetHints":{"allow":["GET"]}}],"collection":[{"href":"https:\/\/www.lsv-geilenkirchen.de\/index.php?rest_route=\/wp\/v2\/pages"}],"about":[{"href":"https:\/\/www.lsv-geilenkirchen.de\/index.php?rest_route=\/wp\/v2\/types\/page"}],"author":[{"embeddable":true,"href":"https:\/\/www.lsv-geilenkirchen.de\/index.php?rest_route=\/wp\/v2\/users\/2"}],"replies":[{"embeddable":true,"href":"https:\/\/www.lsv-geilenkirchen.de\/index.php?rest_route=%2Fwp%2Fv2%2Fcomments&post=102"}],"version-history":[{"count":4,"href":"https:\/\/www.lsv-geilenkirchen.de\/index.php?rest_route=\/wp\/v2\/pages\/102\/revisions"}],"predecessor-version":[{"id":1552,"href":"https:\/\/www.lsv-geilenkirchen.de\/index.php?rest_route=\/wp\/v2\/pages\/102\/revisions\/1552"}],"up":[{"embeddable":true,"href":"https:\/\/www.lsv-geilenkirchen.de\/index.php?rest_route=\/wp\/v2\/pages\/100"}],"wp:featuredmedia":[{"embeddable":true,"href":"https:\/\/www.lsv-geilenkirchen.de\/index.php?rest_route=\/wp\/v2\/media\/167"}],"wp:attachment":[{"href":"https:\/\/www.lsv-geilenkirchen.de\/index.php?rest_route=%2Fwp%2Fv2%2Fmedia&parent=102"}],"curies":[{"name":"wp","href":"https:\/\/api.w.org\/{rel}","templated":true}]}}